{"id":2,"date":"2024-05-26T13:53:36","date_gmt":"2024-05-26T13:53:36","guid":{"rendered":"https:\/\/deinbononline.de\/?page_id=2"},"modified":"2024-09-22T04:01:03","modified_gmt":"2024-09-22T04:01:03","slug":"sample-page","status":"publish","type":"page","link":"https:\/\/deinbononline.de\/","title":{"rendered":"Startseite"},"content":{"rendered":"\n<div class=\"heading\">\n<h2 class=\"color\" style=\"text-align: center;\">Ihre Vorteile<\/h2>\n<h3 style=\"text-align: center;\">Umweltfreundlichkeit, Kundenzufriedenheit und Zeitersparnis<\/h3>\n<div class=\"line\" style=\"text-align: center;\">&nbsp;<\/div>\n<\/div>\n\n\n\n<p class=\"has-text-align-left wp-block-paragraph\">Mit dem AFS-Onlinebon profitieren Sie und Ihre Kunden von einer digitalen, gesetzeskonformen und professionellen L\u00f6sung, welche nicht nur zeitgem\u00e4\u00df sondern auch zeitsparend ist.<\/p>\n\n\n\n<p class=\"wp-block-paragraph\">Der AFS-Onlinebon ist eine umweltfreundliche L\u00f6sung! Durch die digitale Anzeige des Kassenbons, wird kein Thermopapier ben\u00f6tigt und somit Papierm\u00fcll vermieden.<\/p>\n\n\n\n<p class=\"wp-block-paragraph\">Die neue Kassensicherungsverordnung (KassenSichV) wird in Kombination mit der TSE und der TSE-Hardware sowie der neusten AFS-Kassen Softwareversion erf\u00fcllt.<\/p>\n\n\n\n<p class=\"wp-block-paragraph\">Ihre Mitarbeiter m\u00fcssen nicht auf den Ausdruck des Kassenbons warten! Somit werden l\u00e4ngere Wartezeiten vermieden und die Kundenzufriedenheit steigt.<\/p>\n\n\n\n<p class=\"wp-block-paragraph\">Der QR-Code, welcher nach Scan automatisch auf eine Website, welche den Kassenbon als PDF-Datei zur Verf\u00fcgung stellt weiterleitet, wird bereits w\u00e4hrend des Kassiervorgangs auf dem AFS-Kundendisplay angezeigt.<br><br><\/p>\n\n\n\n<figure class=\"wp-block-table\"><table class=\"has-fixed-layout\"><tbody><tr><td class=\"has-text-align-right\" data-align=\"right\">Umweltfreundlich<\/td><td class=\"has-text-align-center\" data-align=\"center\"><img decoding=\"async\" src=\"https:\/\/denbongibtes.online\/assets\/svg\/check_gold.svg\" alt=\"check gold afs-software\"><\/td><td class=\"has-text-align-left\" data-align=\"left\"><\/td><\/tr><tr><td class=\"has-text-align-right\" data-align=\"right\"><\/td><td class=\"has-text-align-center\" data-align=\"center\"><img decoding=\"async\" src=\"https:\/\/denbongibtes.online\/assets\/svg\/check_gold.svg\" alt=\"check gold afs-software\"><\/td><td class=\"has-text-align-left\" data-align=\"left\">Gesetzeskonform<\/td><\/tr><tr><td class=\"has-text-align-right\" data-align=\"right\">Papiersparend<br><\/td><td class=\"has-text-align-center\" data-align=\"center\"><img decoding=\"async\" src=\"https:\/\/denbongibtes.online\/assets\/svg\/check_gold.svg\" alt=\"check gold afs-software\"><\/td><td class=\"has-text-align-left\" data-align=\"left\"><\/td><\/tr><tr><td class=\"has-text-align-right\" data-align=\"right\"><\/td><td class=\"has-text-align-center\" data-align=\"center\"><img decoding=\"async\" src=\"https:\/\/denbongibtes.online\/assets\/svg\/check_gold.svg\" alt=\"check gold afs-software\"><\/td><td class=\"has-text-align-left\" data-align=\"left\">Modern<\/td><\/tr><tr><td class=\"has-text-align-right\" data-align=\"right\">Kundenfreundlich<\/td><td class=\"has-text-align-center\" data-align=\"center\"><img decoding=\"async\" src=\"https:\/\/denbongibtes.online\/assets\/svg\/check_gold.svg\" alt=\"check gold afs-software\"><\/td><td class=\"has-text-align-left\" data-align=\"left\"><\/td><\/tr><tr><td class=\"has-text-align-right\" data-align=\"right\"><\/td><td class=\"has-text-align-center\" data-align=\"center\"><img decoding=\"async\" src=\"https:\/\/denbongibtes.online\/assets\/svg\/check_gold.svg\" alt=\"check gold afs-software\"><\/td><td class=\"has-text-align-left\" data-align=\"left\">Zeitgem\u00e4\u00df<\/td><\/tr><tr><td class=\"has-text-align-right\" data-align=\"right\">Professionell<br><\/td><td class=\"has-text-align-center\" data-align=\"center\"><img decoding=\"async\" src=\"https:\/\/denbongibtes.online\/assets\/svg\/check_gold.svg\" alt=\"check gold afs-software\"><\/td><td class=\"has-text-align-left\" data-align=\"left\"><\/td><\/tr><\/tbody><\/table><\/figure>\n\n\n\n<div class=\"wp-block-columns is-layout-flex wp-container-core-columns-is-layout-8f761849 wp-block-columns-is-layout-flex\">\n<div class=\"wp-block-column is-layout-flow wp-block-column-is-layout-flow\" style=\"flex-basis:100%\"><\/div>\n<\/div>\n","protected":false},"excerpt":{"rendered":"<p>Ihre Vorteile Umweltfreundlichkeit, Kundenzufriedenheit und Zeitersparnis &nbsp; Mit dem AFS-Onlinebon profitieren Sie und Ihre Kunden von einer digitalen, gesetzeskonformen und professionellen L\u00f6sung, welche nicht nur zeitgem\u00e4\u00df sondern auch zeitsparend ist.&hellip;<a href=\"https:\/\/deinbononline.de\/\" class=\"more-link\"><span class=\"more-button\">Continue reading<span class=\"screen-reader-text\">Startseite<\/span><\/span><\/a><\/p>\n","protected":false},"author":1,"featured_media":0,"parent":0,"menu_order":0,"comment_status":"closed","ping_status":"open","template":"","meta":{"_crdt_document":"","footnotes":""},"class_list":["post-2","page","type-page","status-publish","hentry"],"_links":{"self":[{"href":"https:\/\/deinbononline.de\/index.php?rest_route=\/wp\/v2\/pages\/2","targetHints":{"allow":["GET"]}}],"collection":[{"href":"https:\/\/deinbononline.de\/index.php?rest_route=\/wp\/v2\/pages"}],"about":[{"href":"https:\/\/deinbononline.de\/index.php?rest_route=\/wp\/v2\/types\/page"}],"author":[{"embeddable":true,"href":"https:\/\/deinbononline.de\/index.php?rest_route=\/wp\/v2\/users\/1"}],"replies":[{"embeddable":true,"href":"https:\/\/deinbononline.de\/index.php?rest_route=%2Fwp%2Fv2%2Fcomments&post=2"}],"version-history":[{"count":10,"href":"https:\/\/deinbononline.de\/index.php?rest_route=\/wp\/v2\/pages\/2\/revisions"}],"predecessor-version":[{"id":33,"href":"https:\/\/deinbononline.de\/index.php?rest_route=\/wp\/v2\/pages\/2\/revisions\/33"}],"wp:attachment":[{"href":"https:\/\/deinbononline.de\/index.php?rest_route=%2Fwp%2Fv2%2Fmedia&parent=2"}],"curies":[{"name":"wp","href":"https:\/\/api.w.org\/{rel}","templated":true}]}}